{"id":2,"date":"2015-04-18T19:51:21","date_gmt":"2015-04-18T22:51:21","guid":{"rendered":"http:\/\/www.paroquiabomconselho.com\/paroquiabomconselho\/?page_id=2"},"modified":"2020-09-07T10:01:37","modified_gmt":"2020-09-07T13:01:37","slug":"historia-da-paroquia-nossa-senhora-do-bom-conselho","status":"publish","type":"page","link":"http:\/\/www.paroquiabomconselho.com\/paroquiabomconselho\/historia-da-paroquia-nossa-senhora-do-bom-conselho\/","title":{"rendered":"Hist\u00f3ria da Par\u00f3quia Nossa Senhora do Bom Conselho"},"content":{"rendered":"<p><span style=\"color: #000000;\"><iframe loading=\"lazy\" src=\"https:\/\/www.youtube.com\/embed\/Ci5A86J30o0?rel=0\" width=\"640\" height=\"360\" frameborder=\"0\" allowfullscreen=\"allowfullscreen\"><\/iframe><\/span><\/p>\n<h1 style=\"text-align: justify;\"><\/h1>\n<p style=\"text-align: justify;\"><span style=\"color: #000000;\">A Par\u00f3quia Nossa Senhora do Bom Conselho \u00e9 assistida pelos Padres e Irm\u00e3os Estigmatinos. A Congrega\u00e7\u00e3o dos Estigmatinos foi fundada por S\u00e3o Gaspar Bertoni em 1916 em Verona na It\u00e1lia.\u00a0<\/span><span style=\"color: #000000;\">S\u00e3o Gaspar Bertoni nasceu a 09 de outubro de 1777 em Verona, cidade de fronteira com a \u00c1ustria, Norte da It\u00e1lia. Era descendente de uma rica fam\u00edlia de tabeli\u00e3es, sendo filho de Francisco Luiz Bertoni e Brunora Ravelli.\u00a0Os tr\u00eas primeiros estigmatinos a chegarem ao Brasil em 1910 foram\u00a0Pe. Henrique Adami, Pe. Alexandre Grigolli e Ir. Domingos Valzachi, os quais foram trabalhar em Tibagi no Paran\u00e1.<\/span><\/p>\n<p style=\"text-align: justify;\"><span style=\"color: #000000;\">No final de 1941 o Arcebispo Metropolitano de S\u00e3o Paulo, Dom Jos\u00e9 Gaspar de Affonseca e Silva, pretendia fundar na cidade de S\u00e3o Paulo uma par\u00f3quia com o nome de Nossa Senhora do Bom Conselho. Para iniciar o projeto elaborou um estudo no qual escolheu o Alto da Mooca para a funda\u00e7\u00e3o da Par\u00f3quia.<\/span><\/p>\n<p style=\"text-align: justify;\"><span style=\"color: #000000;\">O t\u00edtulo de Nossa Senhora do Bom Conselho surgiu no s\u00e9culo XIII na cidade de Scutari, Alb\u00e2nia, quando o povo come\u00e7ou a rezar a Nossa Senhora para proteg\u00ea-lo das invas\u00f5es turcas e otomanas.<\/span><\/p>\n<p style=\"text-align: justify;\"><span style=\"color: #000000;\">O Col\u00e9gio Santa Catarina, funcionando na Rua da Mooca, n.\u00ba 3758, desde 1926, foi o local escolhido para os contatos e reuni\u00f5es para a funda\u00e7\u00e3o da nova par\u00f3quia. Pe. Vit\u00f3rio Nardon nascido a 28\/07\/1906 em Lisignago, Prov\u00edncia de Trento, It\u00e1lia, da Congrega\u00e7\u00e3o dos Padres e Irm\u00e3os Estigmatinos, foi escolhido para ser o primeiro P\u00e1roco. Pe. Vit\u00f3rio j\u00e1 estava no Brasil desde 1936 e antes trabalhara nas cidades de Rio Claro e Sales de Oliveira, interior do estado de S\u00e3o Paulo.<\/span><\/p>\n<p style=\"text-align: justify;\"><span style=\"color: #000000;\">Foi escolhido tamb\u00e9m o local onde se instalaria a sede paroquial \u2013 Rua Bixira, n.\u00ba 233, onde antes existia uma carpintaria. A inaugura\u00e7\u00e3o da Par\u00f3quia aconteceu no dia 16 de mar\u00e7o de 1941 com a celebra\u00e7\u00e3o da Missa e a presen\u00e7a de muitas pessoas interessadas na instala\u00e7\u00e3o oficial da Par\u00f3quia. Uma pequena prociss\u00e3o foi realizada saindo do Col\u00e9gio Santa Catarina at\u00e9 a Rua Bixira. \u00c0 frente do povo foi levado um quadro de Nossa Senhora do Bom Conselho emprestado pelo Col\u00e9gio S\u00e3o Lu\u00eds de S\u00e3o Paulo. Nesse mesmo dia 16 Pe. Vit\u00f3rio Nardon come\u00e7ou a escolher pessoas para a forma\u00e7\u00e3o de associa\u00e7\u00f5es religiosas.<\/span><\/p>\n<p style=\"text-align: justify;\"><span style=\"color: #000000;\">O dia 26 de abril foi escolhido para ser o Dia da Padroeira Nossa Senhora do Bom Conselho. Al\u00e9m disso, ficou definido que todo dia 26 do m\u00eas seria celebrada uma missa especial dedicada \u00e0 Padroeira.<\/span><\/p>\n<p style=\"text-align: justify;\"><span style=\"color: #000000;\">A primeira associa\u00e7\u00e3o fundada na Par\u00f3quia Nossa Senhora do Bom Conselho foi a Pia Uni\u00e3o das Filhas de Maria, n\u00facleo iniciado com 24 mo\u00e7as e que passaria a fazer parte da Pia Uni\u00e3o do estado de S\u00e3o Paulo. A segunda associa\u00e7\u00e3o foi da Congrega\u00e7\u00e3o Mariana com in\u00edcio a 02 de abril de 1941, congregando cerca de 40 pessoas entre rapazes solteiros e homens casados, \u00f3rg\u00e3o que passou a ser filiado \u00e0 Federa\u00e7\u00e3o das Congrega\u00e7\u00f5es do Estado de S\u00e3o Paulo.<\/span><\/p>\n<p style=\"text-align: justify;\"><span style=\"color: #000000;\">Em maio foi fundada nova associa\u00e7\u00e3o, a do Apostolado da Ora\u00e7\u00e3o, com registro feito no Secretariado Geral a 23\/05\/1941. Em maio tamb\u00e9m foi criado o C\u00edrculo Oper\u00e1rio da Mooca com sede provis\u00f3ria na Rua Taquari, n.\u00ba 91. Em 26\/04\/1942 foi fundada a Liga Cat\u00f3lica Jesus, Maria e Jos\u00e9. E por \u00faltimo, a 13\/09\/1942, foi fundada a Associa\u00e7\u00e3o de Nossa Senhora do Ros\u00e1rio de F\u00e1tima.<\/span><\/p>\n<p style=\"text-align: justify;\"><span style=\"color: #000000;\">No primeiro trimestre de 1945 foi adquirido \u00e0 presta\u00e7\u00e3o um terreno de 4000 metros quadrados na Rua da Mooca, esquina com a Rua Fernando Falc\u00e3o. Dia 28\/04\/1945 acontece missa campal celebrada por Monsenhor Paulo Rolim Loureiro no terreno para marcar sua posse, onde foi erguida uma cruz.<\/span><\/p>\n<p style=\"text-align: justify;\"><span style=\"color: #000000;\">Em 1946 foi aprovado o projeto para a constru\u00e7\u00e3o da nova Igreja e em 1947 foi iniciada a terraplenagem. De 1943 a 1948 muitas quermesses e alguns festivais de m\u00fasica foram realizados para arrecadar dinheiro para as obras da futura matriz.<\/span><\/p>\n<p style=\"text-align: justify;\"><span style=\"color: #000000;\">Em novembro de 1948 a parte debaixo do novo templo estava conclu\u00edda e seu endere\u00e7o ficou sendo Rua da Mooca, n.\u00ba 3911. A partir de 1949 foi definido que todas as promo\u00e7\u00f5es realizadas pela Par\u00f3quia seriam destinadas \u00e0 constru\u00e7\u00e3o da parte de cima da Igreja ao n\u00edvel da Rua da Mooca. Entre 1950 e 1955 os trabalhos de constru\u00e7\u00e3o do 1\u00ba Andar foram intensificados. Al\u00e9m das atividades de constru\u00e7\u00e3o da sede da Par\u00f3quia Nossa Senhora do Bom Conselho, tamb\u00e9m foram realizados atos religiosos devido \u00e0 comemora\u00e7\u00e3o do Ano Santo em 1950.<\/span><\/p>\n<p style=\"text-align: justify;\"><span style=\"color: #000000;\">Em outubro de 1955, depois de 15 anos de intensos trabalhos para a constru\u00e7\u00e3o da sede da Par\u00f3quia Nossa Senhora do Bom Conselho, Pe. Vit\u00f3rio Nardon \u00e9 transferido, e\u00a0Pe. Lu\u00eds Eccli, vig\u00e1rio paroquial, assume a par\u00f3quia em seu lugar.<\/span><\/p>\n<p style=\"text-align: right;\" align=\"right\"><span style=\"color: #333333;\">Ir. Giovane Pazuch, CSS<\/span><\/p>\n","protected":false},"excerpt":{"rendered":"<p>Hist\u00f3rico da Par\u00f3quia Nossa Senhora do Bom Conselho no bairro da Mooca em S\u00e3o Paulo.<\/p>\n","protected":false},"author":6,"featured_media":0,"parent":0,"menu_order":0,"comment_status":"open","ping_status":"closed","template":"","meta":{"_EventAllDay":false,"_EventTimezone":"","_EventStartDate":"","_EventEndDate":"","_EventStartDateUTC":"","_EventEndDateUTC":"","_EventShowMap":false,"_EventShowMapLink":false,"_EventURL":"","_EventCost":"","_EventCostDescription":"","_EventCurrencySymbol":"","_EventCurrencyCode":"","_EventCurrencyPosition":"","_EventDateTimeSeparator":"","_EventTimeRangeSeparator":"","_EventOrganizerID":[],"_EventVenueID":[],"_OrganizerEmail":"","_OrganizerPhone":"","_OrganizerWebsite":"","_VenueAddress":"","_VenueCity":"","_VenueCountry":"","_VenueProvince":"","_VenueState":"","_VenueZip":"","_VenuePhone":"","_VenueURL":"","_VenueStateProvince":"","_VenueLat":"","_VenueLng":"","_VenueShowMap":false,"_VenueShowMapLink":false,"footnotes":""},"class_list":["post-2","page","type-page","status-publish","hentry"],"_links":{"self":[{"href":"http:\/\/www.paroquiabomconselho.com\/paroquiabomconselho\/wp-json\/wp\/v2\/pages\/2","targetHints":{"allow":["GET"]}}],"collection":[{"href":"http:\/\/www.paroquiabomconselho.com\/paroquiabomconselho\/wp-json\/wp\/v2\/pages"}],"about":[{"href":"http:\/\/www.paroquiabomconselho.com\/paroquiabomconselho\/wp-json\/wp\/v2\/types\/page"}],"author":[{"embeddable":true,"href":"http:\/\/www.paroquiabomconselho.com\/paroquiabomconselho\/wp-json\/wp\/v2\/users\/6"}],"replies":[{"embeddable":true,"href":"http:\/\/www.paroquiabomconselho.com\/paroquiabomconselho\/wp-json\/wp\/v2\/comments?post=2"}],"version-history":[{"count":1,"href":"http:\/\/www.paroquiabomconselho.com\/paroquiabomconselho\/wp-json\/wp\/v2\/pages\/2\/revisions"}],"predecessor-version":[{"id":4383,"href":"http:\/\/www.paroquiabomconselho.com\/paroquiabomconselho\/wp-json\/wp\/v2\/pages\/2\/revisions\/4383"}],"wp:attachment":[{"href":"http:\/\/www.paroquiabomconselho.com\/paroquiabomconselho\/wp-json\/wp\/v2\/media?parent=2"}],"curies":[{"name":"wp","href":"https:\/\/api.w.org\/{rel}","templated":true}]}}