{"id":43,"date":"2015-04-18T18:41:15","date_gmt":"2015-04-18T21:41:15","guid":{"rendered":"http:\/\/www.paroquiabomconselho.com\/paroquiabomconselho\/?page_id=43"},"modified":"2020-10-08T16:46:07","modified_gmt":"2020-10-08T19:46:07","slug":"guia-de-noivos","status":"publish","type":"page","link":"http:\/\/www.paroquiabomconselho.com\/paroquiabomconselho\/guia-de-noivos\/","title":{"rendered":"Guia de Noivos"},"content":{"rendered":"<p style=\"text-align: justify;\"><strong><span style=\"color: #000000;\">Estimados noivos,<\/span><\/strong><\/p>\n<p style=\"text-align: justify;\"><span style=\"color: #000000;\">A bondade de Deus os encaminha \u00e0 sua Igreja para a realiza\u00e7\u00e3o de seu matrim\u00f4nio. Nossa par\u00f3quia os recebe com carinho e lhes deseja felicidades em sua vida conjugal e a realiza\u00e7\u00e3o da vontade e do plano de Deus em sua vida familiar e crist\u00e3.<\/span><\/p>\n<p style=\"text-align: justify;\"><span style=\"color: #000000;\">Lembramos do infinito amor em Deus que voc\u00eas prometem propagar e edificar em seu lar e rezamos para que Ele vos proteja sempre nesta caminhada que juntos far\u00e3o.<\/span><\/p>\n<p style=\"text-align: justify;\"><span style=\"color: #000000;\">O matrim\u00f4nio, que voc\u00eas querem aben\u00e7oado pela Igreja, \u00e9 um Sacramento, isto \u00e9: gra\u00e7a de Deus que salva, presen\u00e7a salvadora Dele no e pelo amor de voc\u00eas. A celebra\u00e7\u00e3o do matrim\u00f4nio \u00e9 um ato religioso onde acontece a consagra\u00e7\u00e3o do amor de um pelo outro; um recebe o outro e para ele se doa, expressando nesse amor, nessa doa\u00e7\u00e3o a uni\u00e3o do seu amor ao amor de Deus, o amor de Cristo pela pessoa. Pelo Sacramento do matrim\u00f4nio, o amor humano \u00e9 assumido pelo amor de Deus, em Jesus, o esposo.<\/span><\/p>\n<p style=\"text-align: justify;\"><span style=\"color: #000000;\">Para que voc\u00eas possam realizar plenamente este Sacramento, em uma uni\u00e3o feliz com Cristo, \u00e9 necess\u00e1ria uma prepara\u00e7\u00e3o espiritual. Por isso a necessidade de uma boa prepara\u00e7\u00e3o religiosa atrav\u00e9s da confiss\u00e3o e de ora\u00e7\u00f5es, al\u00e9m do encontro de prepara\u00e7\u00e3o para o matrim\u00f4nio, o encontro de noivos.<\/span><\/p>\n<p style=\"text-align: justify;\"><span style=\"color: #000000;\">Assim como Cristo manifestou sua divindade, provendo do vinho material \u00e0s bodas de Can\u00e1, n\u00f3s oramos para que sua vida a dois tenha em abund\u00e2ncia o vinho espiritual da f\u00e9 em Deus e da m\u00fatua compreens\u00e3o, e para que Maria seja a grande animadora da sua vida matrimonial. Deus \u00e9 tudo. Deixem-no ser &#8220;o&#8221; tudo na vida matrimonial de voc\u00eas.<\/span><\/p>\n<p style=\"text-align: justify;\"><span style=\"color: #000000;\">Ap\u00f3s o casamento, venham participar conosco da Igreja de Deus. Nossa par\u00f3quia os receber\u00e1 sempre e juntos caminharemos para que o projeto de Deus Pai se realize plenamente. Leiam com aten\u00e7\u00e3o este guia. Ele cont\u00e9m as normas necess\u00e1rias e informa\u00e7\u00f5es \u00fateis para sua orienta\u00e7\u00e3o e os procedimentos para a realiza\u00e7\u00e3o de seu matrim\u00f4nio.<\/span><\/p>\n<p style=\"text-align: justify;\"><strong>Recomenda\u00e7\u00f5es Gerais<\/strong><\/p>\n<p style=\"text-align: justify;\"><span style=\"color: #000000;\">&#8211; \u00c9 permitido at\u00e9 4 casais de padrinhos de cada lado.<\/span><\/p>\n<p style=\"text-align: justify;\"><span style=\"color: #000000;\">&#8211; A fim de evitar aborrecimentos e para que o brilho e a import\u00e2ncia da celebra\u00e7\u00e3o n\u00e3o sejam prejudicados, pede-se a M\u00c1XIMA PONTUALIDADE do noivo, dos padrinhos e da noiva, caso contr\u00e1rio N\u00c3O HAVER\u00c1 CORTEJO. Aconselhamos que seja colocado no convite 15 minutos antes do hor\u00e1rio efetivamente marcado.<\/span><\/p>\n<p style=\"text-align: justify;\">\n<strong>Compromissos<\/strong><\/p>\n<p style=\"text-align: justify;\"><span style=\"color: #000000;\">O Noivo diz: &#8220;Eu, (&#8230;) te recebo, (&#8230;) por minha esposa e te prometo ser fiel, amar-te e respeitar-te, na alegria e na tristeza, na sa\u00fade e na doen\u00e7a, todos os dias da nossa vida.&#8221;<\/span><\/p>\n<p style=\"text-align: justify;\"><span style=\"color: #000000;\">A Noiva diz: &#8220;Eu, (&#8230;) te recebo, (&#8230;) por minha esposa e te prometo ser fiel, amar-te e respeitar-te, na alegria e na tristeza, na sa\u00fade e na doen\u00e7a, todos os dias da nossa vida.&#8221;<\/span><\/p>\n<p><strong>Alian\u00e7as<\/strong><\/p>\n<p style=\"text-align: justify;\">O Esposo diz: &#8220;(&#8230;), recebe esta alian\u00e7a em sinal do meu amor e da minha fidelidade. Em nome do Pai, do Filho e do Esp\u00edrito Santo. Am\u00e9m.&#8221;<\/p>\n<p style=\"text-align: justify;\">A Esposa diz: &#8220;(&#8230;), recebe esta alian\u00e7a em sinal do meu amor e da minha fidelidade. Em nome do Pai, do Filho e do Esp\u00edrito Santo. Am\u00e9m.&#8221;<\/p>\n<p style=\"text-align: justify;\">\n<strong>1) Normas contratuais<\/strong><br \/>\nAo solicitar a realiza\u00e7\u00e3o do matrim\u00f4nio nesta Igreja, os noivos dever\u00e3o aceitar as condi\u00e7\u00f5es exigidas e as presentes normas passam a ter car\u00e1ter contratual.<\/p>\n<p style=\"text-align: justify;\"><strong>2) Hor\u00e1rio de cerim\u00f4nia<br \/>\n<\/strong>Sextas-feiras: 20h30 e 21h15<br \/>\nS\u00e1bados: 18h, 19h, 20h e 21h<\/p>\n<p style=\"text-align: justify;\"><strong>3) Sal\u00e3o<\/strong><\/p>\n<p style=\"text-align: justify;\">Temos o sal\u00e3o cont\u00edguo \u00e0 par\u00f3quia para 320 pessoas e com espa\u00e7o para dan\u00e7a. Somente poder\u00e3o atender nesse sal\u00e3o os buffets credenciados.<\/p>\n<p style=\"text-align: justify;\">Ser\u00e1 feito \u00e0 parte um contrato de loca\u00e7\u00e3o do sal\u00e3o, especificando a forma de pagamento a ser combinada; haver\u00e1 um cheque cau\u00e7\u00e3o datado para o dia do evento. Por se tratar de \u00e1rea estritamento residencial, o uso do sal\u00e3o com m\u00fasica \u00e9 permitido at\u00e9 1h.<\/p>\n<p style=\"text-align: justify;\"><strong>4) Reservas de datas<\/strong><\/p>\n<p style=\"text-align: justify;\">As datas s\u00e3o agendadas na secretaria com anteced\u00eancia. O prazo legal para desist\u00eancia \u00e9 de 7 (sete) dias, a contar da data do agendamento, em conformidade com o Artigo 49 do C\u00f3digo de Defesa do Consumidor. Ap\u00f3s esse prazo legal, os pagamentos n\u00e3o ser\u00e3o devolvidos. No caso de transfer\u00eancia de data ou de hor\u00e1rio, em havendo vaga, haver\u00e1 uma taxa a ser paga, observando a seguinte proporcionalidade: de 1 a 3 meses, 50%; de 3 a 6 meses, 30%; e mais de 6 meses, 15% do valor. A aplica\u00e7\u00e3o dessa taxa decorre da eventual impossibilidade de preenchimento do hor\u00e1rio pret\u00e9rito<\/p>\n<p style=\"text-align: justify;\">O n\u00e3o agendamento da reserva no prazo de uma semana implicar\u00e1 no cancelamento da mesma.<\/p>\n<p style=\"text-align: justify;\"><strong>5) Encontro de noivos<\/strong><\/p>\n<p style=\"text-align: justify;\">O encontro de noivos ser\u00e1 realizado num s\u00e1bado, em data e hor\u00e1rio a ser informado pela secretaria.<\/p>\n<p style=\"text-align: justify;\"><strong>6) Manifesta\u00e7\u00e3o ao P\u00e1roco<\/strong><\/p>\n<p style=\"text-align: justify;\">&#8211; Se algum dos noivos n\u00e3o \u00e9 batizado ou se \u00e9 de outra religi\u00e3o.<br \/>\n&#8211; Se h\u00e1 parentesco entre os nubentes.<br \/>\n&#8211; Se algum dos nubentes j\u00e1 foi casado no Civil, religioso ou \u00e9 vi\u00favo.<\/p>\n<p style=\"text-align: justify;\"><strong>7) Documenta\u00e7\u00e3o necess\u00e1ria<\/strong><\/p>\n<p style=\"text-align: justify;\">&#8211; Certid\u00e3o de Batismo (atualizada no m\u00e1ximo 6 meses antes do casamento)<br \/>\n&#8211; Comprovante do Encontro de noivos<br \/>\n&#8211; Comprovante de resid\u00eancias (xerox e originais)<br \/>\n&#8211; Carteira de identidade (RG) ou equivalente (xerox e originais)<\/p>\n<p style=\"text-align: justify;\"><strong>8) Confiss\u00e3o e comunh\u00e3o<\/strong><\/p>\n<p style=\"text-align: justify;\">Sendo o matrim\u00f4nio um sacramento, aconselhamos que os nubentes oo recebam com a devida prepara\u00e7\u00e3o espiritual, feita com uma confiss\u00e3o sincera e uma comunh\u00e3o fervorosa. Dessa forma, colocam Cristo como base de toda a sua vida conjugal e familiar.<\/p>\n<p style=\"text-align: justify;\"><strong>9) Casamento religioso com efeito civil<\/strong><\/p>\n<p style=\"text-align: justify;\">A cerim\u00f4nia \u00e9 \u00fanica, na qual o representante da Igreja declara casados tanto pela lei de Deus como pela lei civil. Para tanto, no prazo de 60 at\u00e9 45 dias que antecedem o casamento, \u00e9 necess\u00e1rio requerer junto ao cart\u00f3rio a Certid\u00e3o de Habita\u00e7\u00e3o.<\/p>\n<p style=\"text-align: justify;\">Certid\u00e3o: a certid\u00e3o do casamento religioso ser\u00e1 entregue na pr\u00f3pria celebra\u00e7\u00e3o. A certid\u00e3o com efeito civil dever\u00e1 ser retirada no cart\u00f3rio, ap\u00f3s 15 dias.<\/p>\n<p style=\"text-align: justify;\"><strong>10) Casamento civil no cart\u00f3rio<\/strong><\/p>\n<p style=\"text-align: justify;\">Quando realizado, apresentar \u00e0 secret\u00e1ria a certid\u00e3o e xerox para as devidas anota\u00e7\u00f5es.<\/p>\n<p><strong>Servi\u00e7os profissionais<\/strong><\/p>\n<p style=\"text-align: justify;\">\u00c9 necess\u00e1rio informar \u00e0 secretaria paroquial, com anteced\u00eancia, o nome da empresa contratada para decora\u00e7\u00e3o, foto\/filmagem e m\u00fasica.<\/p>\n<p style=\"text-align: justify;\">A par\u00f3quia oferece refer\u00eancias de profissionais credenciados. Somente para foto e filmagem, se contratados n\u00e3o credenciados, eles dever\u00e3o firmar um &#8220;Termo de Compromisso&#8221;, a ser entregue na secretaria com pelo menos 20 dias de anteced\u00eancia, sem o que n\u00e3o poder\u00e3o trabalhar; precisar\u00e3o tamb\u00e9m recolher antecipadamente a contribui\u00e7\u00e3o de R$ 200,00.<\/p>\n","protected":false},"excerpt":{"rendered":"<p>Estimados noivos, A bondade de Deus os encaminha \u00e0 sua Igreja para a realiza\u00e7\u00e3o de seu matrim\u00f4nio. Nossa par\u00f3quia os recebe com carinho e lhes deseja felicidades em sua vida [&hellip;]<\/p>\n","protected":false},"author":6,"featured_media":0,"parent":0,"menu_order":0,"comment_status":"closed","ping_status":"closed","template":"","meta":{"_EventAllDay":false,"_EventTimezone":"","_EventStartDate":"","_EventEndDate":"","_EventStartDateUTC":"","_EventEndDateUTC":"","_EventShowMap":false,"_EventShowMapLink":false,"_EventURL":"","_EventCost":"","_EventCostDescription":"","_EventCurrencySymbol":"","_EventCurrencyCode":"","_EventCurrencyPosition":"","_EventDateTimeSeparator":"","_EventTimeRangeSeparator":"","_EventOrganizerID":[],"_EventVenueID":[],"_OrganizerEmail":"","_OrganizerPhone":"","_OrganizerWebsite":"","_VenueAddress":"","_VenueCity":"","_VenueCountry":"","_VenueProvince":"","_VenueState":"","_VenueZip":"","_VenuePhone":"","_VenueURL":"","_VenueStateProvince":"","_VenueLat":"","_VenueLng":"","_VenueShowMap":false,"_VenueShowMapLink":false,"footnotes":""},"class_list":["post-43","page","type-page","status-publish","hentry"],"_links":{"self":[{"href":"http:\/\/www.paroquiabomconselho.com\/paroquiabomconselho\/wp-json\/wp\/v2\/pages\/43","targetHints":{"allow":["GET"]}}],"collection":[{"href":"http:\/\/www.paroquiabomconselho.com\/paroquiabomconselho\/wp-json\/wp\/v2\/pages"}],"about":[{"href":"http:\/\/www.paroquiabomconselho.com\/paroquiabomconselho\/wp-json\/wp\/v2\/types\/page"}],"author":[{"embeddable":true,"href":"http:\/\/www.paroquiabomconselho.com\/paroquiabomconselho\/wp-json\/wp\/v2\/users\/6"}],"replies":[{"embeddable":true,"href":"http:\/\/www.paroquiabomconselho.com\/paroquiabomconselho\/wp-json\/wp\/v2\/comments?post=43"}],"version-history":[{"count":9,"href":"http:\/\/www.paroquiabomconselho.com\/paroquiabomconselho\/wp-json\/wp\/v2\/pages\/43\/revisions"}],"predecessor-version":[{"id":7131,"href":"http:\/\/www.paroquiabomconselho.com\/paroquiabomconselho\/wp-json\/wp\/v2\/pages\/43\/revisions\/7131"}],"wp:attachment":[{"href":"http:\/\/www.paroquiabomconselho.com\/paroquiabomconselho\/wp-json\/wp\/v2\/media?parent=43"}],"curies":[{"name":"wp","href":"https:\/\/api.w.org\/{rel}","templated":true}]}}