{"id":465,"date":"2015-05-16T12:28:55","date_gmt":"2015-05-16T15:28:55","guid":{"rendered":"http:\/\/www.paroquiabomconselho.com\/paroquiabomconselho\/?page_id=465"},"modified":"2020-10-09T16:17:28","modified_gmt":"2020-10-09T19:17:28","slug":"oracao","status":"publish","type":"page","link":"http:\/\/www.paroquiabomconselho.com\/paroquiabomconselho\/oracao\/","title":{"rendered":"Ora\u00e7\u00e3o e Hino"},"content":{"rendered":"<p><iframe loading=\"lazy\" src=\"https:\/\/www.youtube.com\/embed\/YQLFV-DDNT0?rel=0\" width=\"640\" height=\"360\" frameborder=\"0\" allowfullscreen=\"allowfullscreen\"><\/iframe><\/p>\n<h3><\/h3>\n<h3><\/h3>\n<h3>Ora\u00e7\u00e3o de Nossa Senhora do Bom Conselho<\/h3>\n<p style=\"text-align: justify;\"><a href=\"http:\/\/www.paroquiabomconselho.com\/paroquiabomconselho\/wp-content\/uploads\/2020\/10\/image_nsbc_1.jpg\"><img loading=\"lazy\" decoding=\"async\" class=\"wp-image-7608 size-medium alignleft\" src=\"http:\/\/www.paroquiabomconselho.com\/paroquiabomconselho\/wp-content\/uploads\/2020\/10\/image_nsbc_1-224x300.jpg\" alt=\"\" width=\"224\" height=\"300\" srcset=\"http:\/\/www.paroquiabomconselho.com\/paroquiabomconselho\/wp-content\/uploads\/2020\/10\/image_nsbc_1-224x300.jpg 224w, http:\/\/www.paroquiabomconselho.com\/paroquiabomconselho\/wp-content\/uploads\/2020\/10\/image_nsbc_1.jpg 264w\" sizes=\"auto, (max-width: 224px) 100vw, 224px\" \/><\/a>Virgem Imaculada, M\u00e3e de Deus e nossa M\u00e3e, o Senhor fez de v\u00f3s uma Conselheira Admir\u00e1vel.<\/p>\n<p style=\"text-align: justify;\">Nas bodas de Can\u00e1 deixastes o vosso conselho:<\/p>\n<p style=\"text-align: justify;\"><em>\u201cFazei tudo o que Ele vos disser\u201d.<\/em><\/p>\n<p style=\"text-align: justify;\">No dia de Pentecostes, quando a Igreja nascia sob o impulso do Esp\u00edrito Santo, vossa presen\u00e7a se fez sentir entre os ap\u00f3stolos.<\/p>\n<p style=\"text-align: justify;\">Tamb\u00e9m eu suplico o vosso conselho em minha vida e caminhada crist\u00e3.<\/p>\n<p style=\"text-align: justify;\">Quero sentir a vossa presen\u00e7a em minhas decis\u00f5es, pensamentos e atitudes, para que sejam sempre de acordo com vontade do Pai.<\/p>\n<p style=\"text-align: justify;\">Tomai minhas m\u00e3os e orientai meu cora\u00e7\u00e3o e todos os meus passos, na dire\u00e7\u00e3o do vosso Filho, com quem um dia desejo estar convosco, mergulhado(a) para sempre em Deus.<\/p>\n<p style=\"text-align: justify;\">Maria, M\u00e3e do Bom Conselho, rogai por n\u00f3s! Am\u00e9m!<\/p>\n<h3>Hino de Nossa Senhora do Bom Conselho<\/h3>\n<p><iframe loading=\"lazy\" src=\"https:\/\/www.youtube.com\/embed\/NHEAKRtvUV4?rel=0\" width=\"640\" height=\"360\" frameborder=\"0\" allowfullscreen=\"allowfullscreen\"><\/iframe><br \/>\n<a href=\"http:\/\/www.paroquiabomconselho.com\/paroquiabomconselho\/wp-content\/uploads\/2020\/10\/image_nsbc_2.jpg\"><img loading=\"lazy\" decoding=\"async\" class=\"wp-image-7610 size-medium alignleft\" src=\"http:\/\/www.paroquiabomconselho.com\/paroquiabomconselho\/wp-content\/uploads\/2020\/10\/image_nsbc_2-224x300.jpg\" alt=\"\" width=\"224\" height=\"300\" srcset=\"http:\/\/www.paroquiabomconselho.com\/paroquiabomconselho\/wp-content\/uploads\/2020\/10\/image_nsbc_2-224x300.jpg 224w, http:\/\/www.paroquiabomconselho.com\/paroquiabomconselho\/wp-content\/uploads\/2020\/10\/image_nsbc_2.jpg 264w\" sizes=\"auto, (max-width: 224px) 100vw, 224px\" \/><\/a><\/p>\n<p style=\"text-align: left;\"><span style=\"color: #000000;\">Maria, M\u00e3e do Bom Conselho<\/span><\/p>\n<p style=\"text-align: left;\"><span style=\"color: #000000;\">M\u00e3e carinhosa, M\u00e3e sem par<\/span><\/p>\n<p style=\"text-align: left;\"><span style=\"color: #000000;\">N\u00e3o h\u00e1, n\u00e3o pode haver no mundo<\/span><\/p>\n<p style=\"text-align: left;\"><span style=\"color: #000000;\">Quem n\u00e3o te queira, \u00f3\u00a0M\u00e3e amar<\/span><\/p>\n<p style=\"text-align: left;\"><span style=\"color: #000000;\">De acerba, dor na treda noite<\/span><\/p>\n<p style=\"text-align: left;\"><span style=\"color: #000000;\">Um infeliz, pobre mortal<\/span><\/p>\n<p style=\"text-align: left;\"><span style=\"color: #000000;\">Paz achar\u00e1\u00a0quando se acolhe<\/span><\/p>\n<p style=\"text-align: left;\"><span style=\"color: #000000;\">Qual filho ao seio maternal<\/span><\/p>\n<p style=\"text-align: left;\"><span style=\"color: #000000;\">Maria, M\u00e3e do Bom Conselho<\/span><\/p>\n<p style=\"text-align: left;\"><span style=\"color: #000000;\">M\u00e3e carinhosa, M\u00e3e sem par<\/span><\/p>\n<p style=\"text-align: left;\"><span style=\"color: #000000;\">Uma s\u00f3 coisa te pedimos<\/span><\/p>\n<p style=\"text-align: left;\"><span style=\"color: #000000;\">Volve pr\u00e1 n\u00f3s teu santo olhar<\/span><\/p>\n","protected":false},"excerpt":{"rendered":"<p>Ora\u00e7\u00e3o de Nossa Senhora do Bom Conselho Virgem Imaculada, M\u00e3e de Deus e nossa M\u00e3e, o Senhor fez de v\u00f3s uma Conselheira Admir\u00e1vel. Nas bodas de Can\u00e1 deixastes o vosso [&hellip;]<\/p>\n","protected":false},"author":6,"featured_media":0,"parent":0,"menu_order":0,"comment_status":"closed","ping_status":"closed","template":"","meta":{"_EventAllDay":false,"_EventTimezone":"","_EventStartDate":"","_EventEndDate":"","_EventStartDateUTC":"","_EventEndDateUTC":"","_EventShowMap":false,"_EventShowMapLink":false,"_EventURL":"","_EventCost":"","_EventCostDescription":"","_EventCurrencySymbol":"","_EventCurrencyCode":"","_EventCurrencyPosition":"","_EventDateTimeSeparator":"","_EventTimeRangeSeparator":"","_EventOrganizerID":[],"_EventVenueID":[],"_OrganizerEmail":"","_OrganizerPhone":"","_OrganizerWebsite":"","_VenueAddress":"","_VenueCity":"","_VenueCountry":"","_VenueProvince":"","_VenueState":"","_VenueZip":"","_VenuePhone":"","_VenueURL":"","_VenueStateProvince":"","_VenueLat":"","_VenueLng":"","_VenueShowMap":false,"_VenueShowMapLink":false,"footnotes":""},"class_list":["post-465","page","type-page","status-publish","hentry"],"_links":{"self":[{"href":"http:\/\/www.paroquiabomconselho.com\/paroquiabomconselho\/wp-json\/wp\/v2\/pages\/465","targetHints":{"allow":["GET"]}}],"collection":[{"href":"http:\/\/www.paroquiabomconselho.com\/paroquiabomconselho\/wp-json\/wp\/v2\/pages"}],"about":[{"href":"http:\/\/www.paroquiabomconselho.com\/paroquiabomconselho\/wp-json\/wp\/v2\/types\/page"}],"author":[{"embeddable":true,"href":"http:\/\/www.paroquiabomconselho.com\/paroquiabomconselho\/wp-json\/wp\/v2\/users\/6"}],"replies":[{"embeddable":true,"href":"http:\/\/www.paroquiabomconselho.com\/paroquiabomconselho\/wp-json\/wp\/v2\/comments?post=465"}],"version-history":[{"count":5,"href":"http:\/\/www.paroquiabomconselho.com\/paroquiabomconselho\/wp-json\/wp\/v2\/pages\/465\/revisions"}],"predecessor-version":[{"id":7612,"href":"http:\/\/www.paroquiabomconselho.com\/paroquiabomconselho\/wp-json\/wp\/v2\/pages\/465\/revisions\/7612"}],"wp:attachment":[{"href":"http:\/\/www.paroquiabomconselho.com\/paroquiabomconselho\/wp-json\/wp\/v2\/media?parent=465"}],"curies":[{"name":"wp","href":"https:\/\/api.w.org\/{rel}","templated":true}]}}